{"id":502,"date":"2016-05-24T14:14:45","date_gmt":"2016-05-24T14:14:45","guid":{"rendered":"http:\/\/sapphireagriculture.com\/es\/?page_id=502"},"modified":"2016-06-29T13:31:02","modified_gmt":"2016-06-29T13:31:02","slug":"criticas","status":"publish","type":"page","link":"http:\/\/sapphireagriculture.com\/es\/criticas\/","title":{"rendered":"Cr\u00edticas"},"content":{"rendered":"<h2>Testimonios de clientes<\/h2>\n<p>El efecto de los fertilizantes de Sapphire dura m\u00e1s tiempo &#8211; <strong>Ram\u00f3n Duran<\/strong><\/p>\n<p>La materia org\u00e1nica contenida en los fertilizantes Sapphire le da vida al suelo &#8211; <strong>Ernesto Pena<\/strong><\/p>\n<p>Mejores follajes &#8211; <strong>Jos\u00e9 Luis Monegro<\/strong><\/p>\n<p>Frutos m\u00e1s grandes y saludables &#8211; <strong>Ram\u00f3n Suriel<\/strong><\/p>\n<p>Del fertilizante Sapphire usamos menos libras por tarea, pero obtenemos mejores resultados.<\/p>\n<p>A medida que uso este fertilizante veo que puedo ir bajando la dosis en las aplicaciones futuras<\/p>\n<p>El mejor fertilizante en el mercado actualmente, estamos muy contentos con los resultados obtenidos.<\/p>\n<p>Excelente servicio t\u00e9cnico el que nos ofrece la empresa.<\/p>\n<p>Nos gusta que la empresa est\u00e1 expandiendo la gama de productos, ahora tenemos acceso a m\u00e1s productos de calidad para nuestras cosechas. &#8211; <strong>Luis Ortiz<\/strong><\/p>\n<p>No cambiamos este fertilizante por ninguno. &#8211; <strong>Leo Lopez<\/strong><\/p>\n<h2>ANTONIO Suriel &#8211; PRODUCTOR AGRICOLA<\/h2>\n\t\t\r\n\t\t<!-- Begin Video.js Responsive Wrapper -->\r\n\t\t<div style=''>\r\n\t\t\t<div class='video-wrapper' style='padding-bottom:56.25%;'>\r\n\t\t\t\t\r\n\t<!-- Begin Video.js -->\r\n\t<video id=\"example_video_id_410648789\" class=\"video-js vjs-default-skin\" width=\"\" height=\"500\" controls preload=\"none\" data-setup='[]'>\r\n\t\t<source src=\"http:\/\/sapphireagriculture.com\/wp-content\/uploads\/2015\/09\/1_1.mp4\" type='video\/mp4' \/>\r\n\t\t\r\n\t\t\r\n\t<\/video>\r\n\t<!-- End Video.js -->\r\n\r\n\t\t\t<\/div>\r\n\t\t<\/div>\r\n\t\t<!-- End Video.js Responsive Wrapper -->\r\n\t\t\n<p>&nbsp;<\/p>\n<h2>JOSE RAMON CASTILLO &#8211; PRODUCTOR AGRICOLA<\/h2>\n\t\t\r\n\t\t<!-- Begin Video.js Responsive Wrapper -->\r\n\t\t<div style=''>\r\n\t\t\t<div class='video-wrapper' style='padding-bottom:56.25%;'>\r\n\t\t\t\t\r\n\t<!-- Begin Video.js -->\r\n\t<video id=\"example_video_id_2129365757\" class=\"video-js vjs-default-skin\" width=\"\" height=\"500\" controls preload=\"none\" data-setup='[]'>\r\n\t\t<source src=\"http:\/\/sapphireagriculture.com\/wp-content\/uploads\/2015\/09\/2_1.mp4\" type='video\/mp4' \/>\r\n\t\t\r\n\t\t\r\n\t<\/video>\r\n\t<!-- End Video.js -->\r\n\r\n\t\t\t<\/div>\r\n\t\t<\/div>\r\n\t\t<!-- End Video.js Responsive Wrapper -->\r\n\t\t\n<p>&nbsp;<\/p>\n<h2>BIENVENIDO HURTADO &#8211; PRODUCTOR AGRICOLA<\/h2>\n\t\t\r\n\t\t<!-- Begin Video.js Responsive Wrapper -->\r\n\t\t<div style=''>\r\n\t\t\t<div class='video-wrapper' style='padding-bottom:56.25%;'>\r\n\t\t\t\t\r\n\t<!-- Begin Video.js -->\r\n\t<video id=\"example_video_id_204812597\" class=\"video-js vjs-default-skin\" width=\"\" height=\"500\" controls preload=\"none\" data-setup='[]'>\r\n\t\t<source src=\"http:\/\/sapphireagriculture.com\/wp-content\/uploads\/2015\/09\/3_1.mp4\" type='video\/mp4' \/>\r\n\t\t\r\n\t\t\r\n\t<\/video>\r\n\t<!-- End Video.js -->\r\n\r\n\t\t\t<\/div>\r\n\t\t<\/div>\r\n\t\t<!-- End Video.js Responsive Wrapper -->\r\n\t\t\n<p>&nbsp;<\/p>\n<h2>OTROS COMENTARIOS<\/h2>\n\t\t\r\n\t\t<!-- Begin Video.js Responsive Wrapper -->\r\n\t\t<div style=''>\r\n\t\t\t<div class='video-wrapper' style='padding-bottom:56.25%;'>\r\n\t\t\t\t\r\n\t<!-- Begin Video.js -->\r\n\t<video id=\"example_video_id_1717020605\" class=\"video-js vjs-default-skin\" width=\"\" height=\"500\" controls preload=\"none\" data-setup='[]'>\r\n\t\t<source src=\"http:\/\/sapphireagriculture.com\/wp-content\/uploads\/2015\/09\/4_1.mp4\" type='video\/mp4' \/>\r\n\t\t\r\n\t\t\r\n\t<\/video>\r\n\t<!-- End Video.js -->\r\n\r\n\t\t\t<\/div>\r\n\t\t<\/div>\r\n\t\t<!-- End Video.js Responsive Wrapper -->\r\n\t\t\n","protected":false},"excerpt":{"rendered":"<p>Testimonios de clientes El efecto de los fertilizantes de Sapphire dura m\u00e1s tiempo &#8211; Ram\u00f3n Duran La materia org\u00e1nica contenida en los fertilizantes Sapphire le da vida al suelo &#8211; Ernesto Pena Mejores follajes &#8211; Jos\u00e9 Luis Monegro Frutos m\u00e1s grandes y saludables &#8211; Ram\u00f3n Suriel Del fertilizante Sapphire usamos menos libras por tarea, pero obtenemos mejores resultados. A medida que uso este fertilizante veo que puedo ir bajando la dosis en las aplicaciones futuras El mejor fertilizante en el mercado actualmente, estamos muy contentos con los resultados obtenidos. Excelente servicio t\u00e9cnico el que nos ofrece la empresa. Nos gusta que la empresa est\u00e1 expandiendo la gama de productos, ahora&hellip; <a class=\"read-more\" href=\"http:\/\/sapphireagriculture.com\/es\/criticas\/\">Read More<\/a><\/p>\n","protected":false},"author":2,"featured_media":0,"parent":0,"menu_order":0,"comment_status":"closed","ping_status":"closed","template":"","meta":{"footnotes":""},"class_list":["post-502","page","type-page","status-publish","hentry"],"_links":{"self":[{"href":"http:\/\/sapphireagriculture.com\/es\/wp-json\/wp\/v2\/pages\/502","targetHints":{"allow":["GET"]}}],"collection":[{"href":"http:\/\/sapphireagriculture.com\/es\/wp-json\/wp\/v2\/pages"}],"about":[{"href":"http:\/\/sapphireagriculture.com\/es\/wp-json\/wp\/v2\/types\/page"}],"author":[{"embeddable":true,"href":"http:\/\/sapphireagriculture.com\/es\/wp-json\/wp\/v2\/users\/2"}],"replies":[{"embeddable":true,"href":"http:\/\/sapphireagriculture.com\/es\/wp-json\/wp\/v2\/comments?post=502"}],"version-history":[{"count":4,"href":"http:\/\/sapphireagriculture.com\/es\/wp-json\/wp\/v2\/pages\/502\/revisions"}],"predecessor-version":[{"id":571,"href":"http:\/\/sapphireagriculture.com\/es\/wp-json\/wp\/v2\/pages\/502\/revisions\/571"}],"wp:attachment":[{"href":"http:\/\/sapphireagriculture.com\/es\/wp-json\/wp\/v2\/media?parent=502"}],"curies":[{"name":"wp","href":"https:\/\/api.w.org\/{rel}","templated":true}]}}