{"id":499,"date":"2016-05-24T14:01:57","date_gmt":"2016-05-24T14:01:57","guid":{"rendered":"http:\/\/sapphireagriculture.com\/es\/?page_id=499"},"modified":"2016-05-24T14:01:57","modified_gmt":"2016-05-24T14:01:57","slug":"fertilizante-organico","status":"publish","type":"page","link":"http:\/\/sapphireagriculture.com\/es\/fertilizante-organico\/","title":{"rendered":"FERTILIZANTE ORG\u00c1NICO"},"content":{"rendered":"<div class=\"natural-plant-section\">\n<div class=\"leaf-inner-page\"><\/div>\n<div class=\"container\">\n<div class=\"content-bg\">\n<div class=\"col-md-12 content-txt\">\n<h2>100% org\u00e1nico NPK ABONO<\/h2>\n<p> Fertilizantes org\u00e1nicos desechos de pollo proporciona nutrientes a los suelos y cultivos en una acci\u00f3n de liberaci\u00f3n lenta que mejoran la aireaci\u00f3n del suelo, la filtraci\u00f3n del agua y evita la lixiviaci\u00f3n, la escorrent\u00eda y la erosi\u00f3n del suelo. <\/p>\n<p> cama de pollo ha sido reconocida como una rica fuente natural de nutrientes y materia org\u00e1nica. Un proceso patentado se seca y pasteuriza camada de aves de corral para crear sedimentaron y se fertilizante granular que se pueden usar como un fertilizante org\u00e1nico independiente o en una mezcla con fertilizantes NPK. <\/p>\n<p> En una mezcla, fertilizante org\u00e1nico aumenta el valor sint\u00e9tica de fertilizantes NPK. <\/p>\n<ul>\n<li> Certificaci\u00f3n Org\u00e1nica en la Uni\u00f3n Europea <\/li>\n<li> Certificaci\u00f3n Org\u00e1nica en los Estados Unidos <\/li>\n<li> Lanzamiento Lento de fuentes naturales para la alimentaci\u00f3n continua <\/li>\n<li> Activa el suelo y aumenta la actividad biol\u00f3gica en la totalidad de la zona ra\u00edz <\/li>\n<li> High Materia Org\u00e1nica con un bajo contenido de ceniza <\/li>\n<li> respuesta de crecimiento consistente a trav\u00e9s de todas las estaciones <\/li>\n<li> nutrientes traza incluyendo Ca, Mg, Mn, B, Mo, Zn, Fe <\/li>\n<li> 65% de materia org\u00e1nica, con f\u00falvico y \u00e1cidos h\u00famicos, ph 6.4, la relaci\u00f3n C \/ N 9 <\/li>\n<p>procesos biol\u00f3gicos<\/p>\n<li> Apoya la degradaci\u00f3n de paja <\/li>\n<li> Producto fluye con facilidad y difusiones de manera uniforme debido al tama\u00f1o de las part\u00edculas controladas <\/li>\n<\/ul>\n<h2>Natural plant fertilizer Fertiplus\u00ae 4-3-3<\/h2>\n<p> Fertilizantes org\u00e1nicos 4-3-3 es un conocido de pellets 100% fertilizante org\u00e1nico, ecol\u00f3gico e higi\u00e9nico El material org\u00e1nico en este excelente fertilizante natural de la planta contiene estructuras de \u00e1cidos h\u00famicos en su mayor\u00eda, los \u00e1cidos h\u00famicos se benefician los suelos para facilitar su disponibilidad de nutrientes, que liberan gradualmente los minerales presentes en el suelo y, por lo tanto, los minerales se vuelven m\u00e1s disponible para la absorci\u00f3n por las ra\u00edces de las plantas. <\/p>\n<p> correcta aplicaci\u00f3n de fertilizantes org\u00e1nicos previene los s\u00edntomas de deficiencia en los cultivos durante la temporada de crecimiento. Este efecto positivo de abono org\u00e1nico significa un ahorro considerable en los abonos minerales, y una reducci\u00f3n de la aplicaci\u00f3n de fertilizantes minerales en el suelo, que es bueno para el medio ambiente y ayudar a prevenir la alcalinizaci\u00f3n del suelo. <\/p>\n<p> Adem\u00e1s, utilizando un fertilizante org\u00e1nico conduce a un aumento en la actividad microbiol\u00f3gica en el suelo. Las sustancias org\u00e1nicas se descomponen por la vida del suelo en \u00e1cidos h\u00famicos y amino\u00e1cidos, durante este proceso, se requiere de ox\u00edgeno y la atracci\u00f3n de aire, por lo que el suelo agr\u00edcola se convierte aireadas. Aire, agua y elementos son iguales en importancia para cualquier planta crezca. Adem\u00e1s, la asfixia de las ra\u00edces es un problema f\u00e1cilmente evitado mediante el mantenimiento de un suelo esponjoso. <\/p>\n<\/div>\n<\/div>\n<\/div>\n<\/div>\n<p>  <!--product section start--><\/p>\n<div class=\"application-section\">\n<div class=\"container\">\n<div class=\"application-areas\">\n<h1>\u00c1reas de aplicaci\u00f3n<\/h1>\n<div class=\"col-md-3 col-sm-3\">\n<div class=\"cultivation\">\n<div class=\"vegetable-cultivation-img\"><a href=\"#\"><img decoding=\"async\" src=\"http:\/\/sapphireagriculture.com\/wp-content\/themes\/sapphire\/img\/specar.png\" alt=\"specar\"> <\/a><\/div>\n<div class=\"caption\">\n<p> el cultivo de verduras<\/p>\n<\/p>\n<\/div>\n<\/div>\n<\/div>\n<div class=\"col-md-3 col-sm-3\">\n<div class=\"cultivation\">\n<div class=\"fruit-cultivation-img\"> <a href=\"#\"><img decoding=\"async\" src=\"http:\/\/sapphireagriculture.com\/wp-content\/themes\/sapphire\/img\/specar.png\" alt=\"specar\"> <\/a><\/div>\n<div class=\"caption\">\n<p> el cultivo de la fruta<\/p>\n<\/p>\n<\/div>\n<\/div>\n<\/div>\n<div class=\"col-md-3 col-sm-3\">\n<div class=\"cultivation\">\n<div class=\"viniculture-img\"> <a href=\"#\"><img decoding=\"async\" src=\"http:\/\/sapphireagriculture.com\/wp-content\/themes\/sapphire\/img\/specar.png\" alt=\"specar\"> <\/a><\/div>\n<div class=\"caption\">\n<p> Vinicultura<\/p>\n<\/p>\n<\/div>\n<\/div>\n<\/div>\n<div class=\"col-md-3 col-sm-3\">\n<div class=\"cultivation\">\n<div class=\"tree-cultivation-img\"> <a href=\"#\"><img decoding=\"async\" src=\"http:\/\/sapphireagriculture.com\/wp-content\/themes\/sapphire\/img\/specar.png\" alt=\"specar\"> <\/a><\/div>\n<div class=\"caption\">\n<p> el cultivo del \u00e1rbol<\/p>\n<\/p>\n<\/div>\n<\/div>\n<\/div>\n<\/div>\n<div class=\"bs-example-table\">\n<table class=\"table\">\n<div class=\"heading\">\n<h1>Composici\u00f3n (media)<\/h1>\n<p>            <span class=\"corner-img\"><img decoding=\"async\" src=\"http:\/\/sapphireagriculture.com\/wp-content\/themes\/sapphire\/img\/patran-corner.png\" alt=\"patran-corner\"><\/span> <\/div>\n<tbody>\n<tr class=\"white\">\n<td>Materia seca<\/td>\n<td>88<\/td>\n<td>%<\/td>\n<td>Hierro<\/td>\n<td class=\"border-none\">1200 mg\/kg<\/td>\n<\/tr>\n<tr class=\"gray\">\n<td>Humedad<\/td>\n<td>12<\/td>\n<td>% max.<\/td>\n<td>manganeso<\/td>\n<td class=\"border-none\">480 mg\/kg<\/td>\n<\/tr>\n<tr class=\"white\">\n<td>Materia org\u00e1nica<\/td>\n<td>65<\/td>\n<td>%<\/td>\n<td>Zinc<\/td>\n<td class=\"border-none\">420 mg\/kg<\/td>\n<\/tr>\n<tr class=\"gray\">\n<td>El nitr\u00f3geno (org\u00e1nico)<\/td>\n<td>3,5<\/td>\n<td>%<\/td>\n<td>cobre<\/td>\n<td class=\"border-none\">110 mg\/kg <\/td>\n<\/tr>\n<tr class=\"white\">\n<td>Nitr\u00f3geno (total)<\/td>\n<td>4,2<\/td>\n<td>%<\/td>\n<td>Boron<\/td>\n<td class=\"border-none\">45 mg\/kg<\/td>\n<\/tr>\n<tr class=\"gray\">\n<td>fosfato<\/td>\n<td>3,0<\/td>\n<td>%<\/td>\n<td>molibdeno<\/td>\n<td class=\"border-none\">11 mg\/kg<\/td>\n<\/tr>\n<tr class=\"white\">\n<td>potasio<\/td>\n<td>2,8<\/td>\n<td>%<\/td>\n<td>Cobalt<\/td>\n<td class=\"border-none\">2 mg\/kg <\/td>\n<\/tr>\n<tr class=\"gray\">\n<td>calcio<\/td>\n<td>9,0<\/td>\n<td>%<\/td>\n<td>C \/ N<\/td>\n<td class=\"border-none\">9<\/td>\n<\/tr>\n<tr class=\"white\">\n<td>magnesio<\/td>\n<td>1,0<\/td>\n<td>%<\/td>\n<td>pH (soluci\u00f3n al 10%)<\/td>\n<td class=\"border-none\">6,4<\/td>\n<\/tr>\n<tr class=\"gray\">\n<td>CEC<\/td>\n<td>24,8<\/td>\n<td>cmol\/kg<\/td>\n<td>di\u00e1metro de pellets<\/td>\n<td class=\"border-none\">5-6 mm<\/td>\n<\/tr>\n<tr class=\"white\">\n<td>CE (1 gr \/ l)<\/td>\n<td>0,005<\/td>\n<td>mS\/cm<\/td>\n<td>Densidad <\/td>\n<td class=\"border-none\">700 kg\/m\u00b3<\/td>\n<\/tr>\n<\/tbody>\n<\/table>\n<\/div>\n<\/div>\n<\/div>\n<div class=\"natural-plant-section fertiplus\">\n<div class=\"leaf-inner-page\"><\/div>\n<div class=\"container\">\n<div class=\"content-bg\">\n<div class=\"col-md-12 content-txt\">\n<h2> Fertiplus\u00ae 8-3-3 <\/h2>\n<p> El alto contenido de nitr\u00f3geno de nuestra fertilizantes minerales, Fertiplus\u00ae 8-3-3, estimular\u00e1 el desarrollo general de todos los cultivos y plantas. Nutrientes en Fertiplus\u00ae fertilizantes se liberan a un ritmo m\u00e1s lento, m\u00e1s consistente, ayudando a evitar un patr\u00f3n de auge y ca\u00edda. Tambi\u00e9n ayuda a mantener la humedad del suelo, reduciendo el estr\u00e9s debido a la falta de humedad temporal. <\/p>\n<p> La combinaci\u00f3n de nitr\u00f3geno de la urea y las fuentes org\u00e1nicas es la clave del \u00e9xito de esta f\u00f3rmula. 50% del nitr\u00f3geno es r\u00e1pidamente disponible despu\u00e9s de suministrar mientras que el resto ha sido puesto en libertad, en 3 meses de tiempo despu\u00e9s de la aplicaci\u00f3n. Entonces, Fertiplus\u00ae 8-3-3 sigue trabajando mucho m\u00e1s tiempo que? Otros fertilizantes. <\/p>\n<\/div>\n<\/div>\n<\/div>\n<\/div>\n<div class=\"application-section\">\n<div class=\"container\">\n<div class=\"application-areas\">\n<h1>Valor a\u00f1adido<\/h1>\n<div class=\"col-md-4 col-md-offset-2 col-sm-offset-2 col-sm-4\">\n<div class=\"cultivation\">\n<div class=\"good-balance-img\"><a href=\"#\"><img decoding=\"async\" alt=\"specar\" src=\"http:\/\/sapphireagriculture.com\/wp-content\/themes\/sapphire\/img\/specar.png\"> <\/a><\/div>\n<div class=\"caption\">\n<p> El buen equilibrio de minerales<\/p>\n<\/p>\n<\/div>\n<\/div>\n<\/div>\n<div class=\"col-md-6 col-sm-6\">\n<div class=\"cultivation\">\n<div class=\"avoid-boom-img\"> <a href=\"#\"><img decoding=\"async\" alt=\"specar\" src=\"http:\/\/sapphireagriculture.com\/wp-content\/themes\/sapphire\/img\/specar.png\"> <\/a><\/div>\n<div class=\"caption\">\n<p> Evite un patr\u00f3n de auge y ca\u00edda <br \/>\n                de la fertilizaci\u00f3n<\/p>\n<\/p>\n<\/div>\n<\/div>\n<\/div>\n<\/div>\n<div class=\"bs-example-table\">\n<div class=\"heading\">\n<h1>Composici\u00f3n (media)<\/h1>\n<p>          <span class=\"corner-img\"><img decoding=\"async\" src=\"http:\/\/sapphireagriculture.com\/wp-content\/themes\/sapphire\/img\/patran-corner.png\" alt=\"patran-corner\"><\/span> <\/div>\n<table class=\"table\">\n<tbody>\n<tr class=\"white\">\n<td>Materia seca<\/td>\n<td>88<\/td>\n<td>%<\/td>\n<td>Hierro<\/td>\n<td class=\"border-none\">540 mg\/kg<\/td>\n<\/tr>\n<tr class=\"gray\">\n<td>Humedad<\/td>\n<td>12<\/td>\n<td>% max.<\/td>\n<td>manganeso<\/td>\n<td class=\"border-none\">340 mg\/kg<\/td>\n<\/tr>\n<tr class=\"white\">\n<td>Materia org\u00e1nica<\/td>\n<td>55<\/td>\n<td>%<\/td>\n<td>Zinc<\/td>\n<td class=\"border-none\">250mg\/kg<\/td>\n<\/tr>\n<tr class=\"gray\">\n<td>El nitr\u00f3geno (org\u00e1nico)<\/td>\n<td>8,1<\/td>\n<td>%<\/td>\n<td>cobre<\/td>\n<td class=\"border-none\">40 mg\/kg <\/td>\n<\/tr>\n<tr class=\"white\">\n<td>Nitr\u00f3geno (total)<\/td>\n<td>8,4<\/td>\n<td>%<\/td>\n<td>Boron<\/td>\n<td class=\"border-none\">19 mg\/kg<\/td>\n<\/tr>\n<tr class=\"gray\">\n<td>fosfato<\/td>\n<td>2,9<\/td>\n<td>%<\/td>\n<td>Cobalt<\/td>\n<td class=\"border-none\">NA mg\/kg<\/td>\n<\/tr>\n<tr class=\"white\">\n<td>potasio<\/td>\n<td>2,7<\/td>\n<td>%<\/td>\n<td>C \/ N<\/td>\n<td class=\"border-none\">4 <\/td>\n<\/tr>\n<tr class=\"gray\">\n<td>calcio<\/td>\n<td>11<\/td>\n<td>%<\/td>\n<td>pH (soluci\u00f3n al 10%)<\/td>\n<td class=\"border-none\">7,0<\/td>\n<\/tr>\n<tr class=\"white\">\n<td>magnesio<\/td>\n<td>0,94<\/td>\n<td>%<\/td>\n<td>di\u00e1metro de pellets<\/td>\n<td class=\"border-none\">4 mm<\/td>\n<\/tr>\n<tr class=\"gray\">\n<td>sulfato<\/td>\n<td>1,3<\/td>\n<td>%<\/td>\n<td>Densidad <\/td>\n<td class=\"border-none\">700 kg\/m\u00b3<\/td>\n<\/tr>\n<\/tbody>\n<\/table>\n<\/div>\n<div class=\"bs-example-table\">\n<div class=\"heading\">\n<h1>APLICACI\u00d3N RECOMENDADA por acre ORG\u00c1NICA NPK FERTIPLUS (4-3-3)<\/h1>\n<p><span class=\"corner-img\"><img decoding=\"async\" src=\"http:\/\/sapphireagriculture.com\/wp-content\/themes\/sapphire\/img\/patran-corner.png\" alt=\"patran-corner\"><\/span> <\/p>\n<\/div>\n<table class=\"table\">\n<tbody>\n<tr class=\"white\">\n<td>Tomates<\/td>\n<td>2400 &#8211; 3800 kg*<\/td>\n<td>Esp\u00e1rragos <\/td>\n<td class=\"border-none\">3800 &#8211; 5000 kg*<\/td>\n<\/tr>\n<tr class=\"gray\">\n<td>Pepinos<\/td>\n<td>2400 &#8211; 3800 kg*<\/td>\n<td>Papas <\/td>\n<td class=\"border-none\">1800 &#8211; 2800 kg*<\/td>\n<\/tr>\n<tr class=\"white\">\n<td>Peppers <\/td>\n<td>2400 &#8211; 3800 kg*<\/td>\n<td>Campo de hierba<\/td>\n<td class=\"border-none\">2400 &#8211; 3800 kg**<\/td>\n<\/tr>\n<tr class=\"gray\">\n<td>Berenjena<\/td>\n<td>2400 &#8211; 3800 kg*<\/td>\n<td>Flores <\/td>\n<td class=\"border-none\">5000 &#8211; 7400 kg*<\/td>\n<\/tr>\n<tr class=\"white\">\n<td>Melones <\/td>\n<td>2800 &#8211; 3800 kg*<\/td>\n<td>Fruta <\/td>\n<td class=\"border-none\">5 &#8211; 14 kg \/ per tree*<\/td>\n<\/tr>\n<tr class=\"gray\">\n<td>Fresas <\/td>\n<td>4800 &#8211; 7500 kg*<\/td>\n<td>Uvas <\/td>\n<td class=\"border-none\">700 \u2013 1300 kg \/ per tree*<\/td>\n<\/tr>\n<\/tbody>\n<\/table>\n<\/div>\n<p><em>*El uso de pellets, se recomienda Invernadero duplicar la dosis.<\/em><\/p>\n<p><em>**El uso de gr\u00e1nulos<\/em><\/p>\n<\/div>\n<\/div>\n","protected":false},"excerpt":{"rendered":"<p>100% org\u00e1nico NPK ABONO Fertilizantes org\u00e1nicos desechos de pollo proporciona nutrientes a los suelos y cultivos en una acci\u00f3n de liberaci\u00f3n lenta que mejoran la aireaci\u00f3n del suelo, la filtraci\u00f3n del agua y evita la lixiviaci\u00f3n, la escorrent\u00eda y la erosi\u00f3n del suelo. cama de pollo ha sido reconocida como una rica fuente natural de nutrientes y materia org\u00e1nica. Un proceso patentado se seca y pasteuriza camada de aves de corral para crear sedimentaron y se fertilizante granular que se pueden usar como un fertilizante org\u00e1nico independiente o en una mezcla con fertilizantes NPK. En una mezcla, fertilizante org\u00e1nico aumenta el valor sint\u00e9tica de fertilizantes NPK. Certificaci\u00f3n Org\u00e1nica en la&hellip; <a class=\"read-more\" href=\"http:\/\/sapphireagriculture.com\/es\/fertilizante-organico\/\">Read More<\/a><\/p>\n","protected":false},"author":2,"featured_media":0,"parent":0,"menu_order":0,"comment_status":"closed","ping_status":"closed","template":"template-fertilizers.php","meta":{"footnotes":""},"class_list":["post-499","page","type-page","status-publish","hentry"],"_links":{"self":[{"href":"http:\/\/sapphireagriculture.com\/es\/wp-json\/wp\/v2\/pages\/499","targetHints":{"allow":["GET"]}}],"collection":[{"href":"http:\/\/sapphireagriculture.com\/es\/wp-json\/wp\/v2\/pages"}],"about":[{"href":"http:\/\/sapphireagriculture.com\/es\/wp-json\/wp\/v2\/types\/page"}],"author":[{"embeddable":true,"href":"http:\/\/sapphireagriculture.com\/es\/wp-json\/wp\/v2\/users\/2"}],"replies":[{"embeddable":true,"href":"http:\/\/sapphireagriculture.com\/es\/wp-json\/wp\/v2\/comments?post=499"}],"version-history":[{"count":1,"href":"http:\/\/sapphireagriculture.com\/es\/wp-json\/wp\/v2\/pages\/499\/revisions"}],"predecessor-version":[{"id":500,"href":"http:\/\/sapphireagriculture.com\/es\/wp-json\/wp\/v2\/pages\/499\/revisions\/500"}],"wp:attachment":[{"href":"http:\/\/sapphireagriculture.com\/es\/wp-json\/wp\/v2\/media?parent=499"}],"curies":[{"name":"wp","href":"https:\/\/api.w.org\/{rel}","templated":true}]}}