{"id":495,"date":"2016-05-24T12:20:43","date_gmt":"2016-05-24T12:20:43","guid":{"rendered":"http:\/\/sapphireagriculture.com\/es\/?page_id=495"},"modified":"2016-05-24T12:20:43","modified_gmt":"2016-05-24T12:20:43","slug":"arroz","status":"publish","type":"page","link":"http:\/\/sapphireagriculture.com\/es\/agricultura\/arroz\/","title":{"rendered":"ARROZ"},"content":{"rendered":"<p><img loading=\"lazy\" decoding=\"async\" class=\"aligncenter size-full wp-image-299\" src=\"http:\/\/sapphireagriculture.com\/wp-content\/uploads\/2015\/10\/rice1.png\" alt=\"rice\" width=\"668\" height=\"593\" srcset=\"http:\/\/sapphireagriculture.com\/wp-content\/uploads\/2015\/10\/rice1.png 668w, http:\/\/sapphireagriculture.com\/wp-content\/uploads\/2015\/10\/rice1-300x266.png 300w\" sizes=\"auto, (max-width: 668px) 100vw, 668px\" \/><\/p>\n<p>En marzo, los agricultores comienzan a preparar sus campos para la siembra. En primer lugar, los campos son cuidadosamente nivelados con precisi\u00f3n, el GPS o aparatos de clasificaci\u00f3n guiado por l\u00e1ser. Campos de nivel permiten a los agricultores de arroz para conservar el agua. Fertilizantes continuaci\u00f3n se a\u00f1ade, y surcos poco profundos se rod\u00f3 en el campo. En abril, los campos est\u00e1n listos para ser plantados.<\/p>\n<p><strong> Las inundaciones y Siembra <\/ strong><\/p>\n<p>Agua que se ejecuta en los campos a una profundidad de s\u00f3lo 5 pulgadas. La profundidad del agua constante se ha demostrado que mejora la capacidad de las plantas de arroz para competir contra las malas hierbas de los nutrientes y la luz solar, lo que reduce la necesidad de herbicidas. Semillas de arroz es entonces empapado y se carga en aviones.<\/p>\n<p>Volando a 100 mph, aviones plantar los campos desde el aire. Las semillas pesadas se hunden en los surcos y comienzan a crecer.<\/p>\n<p><strong> La maduraci\u00f3n de Rice <\/ strong><\/p>\n<p>Las pl\u00e1ntulas de arroz ya est\u00e1n listos para comenzar sus cuatro a cinco meses viaje a la madurez. Temprano en el ciclo de crecimiento, de una a dos aplicaciones de herbicidas se aplican para controlar las malezas. Si es necesario, los agricultores tambi\u00e9n pueden tratar los campos para el gorgojo acu\u00e1tico del arroz y otros insectos. La aplicaci\u00f3n temprana de pocos materiales de protecci\u00f3n de cultivos asegura arroz puro en la cosecha.<\/p>\n<p>El arroz crece r\u00e1pidamente, en \u00faltima instancia, alcanzando una altura de 3 pies. Durante este tiempo, los agricultores tienen cuidado de mantener una profundidad constante de los mismos 5 pulgadas. A finales del verano, el grano comienza a aparecer en pan\u00edculas largas en la parte superior de la planta. En septiembre, las cabezas de grano son maduros y listos para ser cosechados. En promedio, cada acre producir\u00e1 m\u00e1s de 8.000 libras de arroz!<\/p>\n<p><strong> Cosecha <\/ strong><\/p>\n<p>Antes de la cosecha de arroz puede comenzar, los campos deben ser drenados. Una vez que los campos est\u00e1n secos, cosechadoras el estado de la t\u00e9cnica de entrar en los campos para recoger el grano perfectamente maduras. Porque la calidad es tan importante, estas cosechadoras est\u00e1n dise\u00f1ados para llevar tanto con suavidad y rapidez el grano de los campos. Tractores especializados llamados vagones bankout vienen junto, recibiendo el arroz y la entrega a los remolques de esperar tanto las cosechadoras pueden continuar sin tener que parar para descargar.<\/p>\n<p><strong> Fresado &#038; amp; Almacenamiento <\/ strong><\/p>\n<p>A continuaci\u00f3n, el arroz se seca cuidadosamente a un nivel de humedad ideal y almacena hasta que el cliente hace un pedido. En el molino, el casco se retira primero, dejando el arroz integral. El arroz blanco es el resultado de eliminar suavemente las capas de salvado para dejar s\u00f3lo el grano interno, nacarado.<\/p>\n","protected":false},"excerpt":{"rendered":"<p>En marzo, los agricultores comienzan a preparar sus campos para la siembra. En primer lugar, los campos son cuidadosamente nivelados con precisi\u00f3n, el GPS o aparatos de clasificaci\u00f3n guiado por l\u00e1ser. Campos de nivel permiten a los agricultores de arroz para conservar el agua. Fertilizantes continuaci\u00f3n se a\u00f1ade, y surcos poco profundos se rod\u00f3 en el campo. En abril, los campos est\u00e1n listos para ser plantados. Las inundaciones y Siembra Agua que se ejecuta en los campos a una profundidad de s\u00f3lo 5 pulgadas. La profundidad del agua constante se ha demostrado que mejora la capacidad de las plantas de arroz para competir contra las malas hierbas de los nutrientes&hellip; <a class=\"read-more\" href=\"http:\/\/sapphireagriculture.com\/es\/agricultura\/arroz\/\">Read More<\/a><\/p>\n","protected":false},"author":2,"featured_media":0,"parent":485,"menu_order":0,"comment_status":"closed","ping_status":"closed","template":"","meta":{"footnotes":""},"class_list":["post-495","page","type-page","status-publish","hentry"],"_links":{"self":[{"href":"http:\/\/sapphireagriculture.com\/es\/wp-json\/wp\/v2\/pages\/495","targetHints":{"allow":["GET"]}}],"collection":[{"href":"http:\/\/sapphireagriculture.com\/es\/wp-json\/wp\/v2\/pages"}],"about":[{"href":"http:\/\/sapphireagriculture.com\/es\/wp-json\/wp\/v2\/types\/page"}],"author":[{"embeddable":true,"href":"http:\/\/sapphireagriculture.com\/es\/wp-json\/wp\/v2\/users\/2"}],"replies":[{"embeddable":true,"href":"http:\/\/sapphireagriculture.com\/es\/wp-json\/wp\/v2\/comments?post=495"}],"version-history":[{"count":1,"href":"http:\/\/sapphireagriculture.com\/es\/wp-json\/wp\/v2\/pages\/495\/revisions"}],"predecessor-version":[{"id":496,"href":"http:\/\/sapphireagriculture.com\/es\/wp-json\/wp\/v2\/pages\/495\/revisions\/496"}],"up":[{"embeddable":true,"href":"http:\/\/sapphireagriculture.com\/es\/wp-json\/wp\/v2\/pages\/485"}],"wp:attachment":[{"href":"http:\/\/sapphireagriculture.com\/es\/wp-json\/wp\/v2\/media?parent=495"}],"curies":[{"name":"wp","href":"https:\/\/api.w.org\/{rel}","templated":true}]}}