{"id":493,"date":"2016-05-24T12:19:55","date_gmt":"2016-05-24T12:19:55","guid":{"rendered":"http:\/\/sapphireagriculture.com\/es\/?page_id=493"},"modified":"2016-05-24T12:19:55","modified_gmt":"2016-05-24T12:19:55","slug":"papas","status":"publish","type":"page","link":"http:\/\/sapphireagriculture.com\/es\/agricultura\/papas\/","title":{"rendered":"PAPAS"},"content":{"rendered":"<p><img loading=\"lazy\" decoding=\"async\" src=\"http:\/\/sapphireagriculture.com\/wp-content\/uploads\/2015\/10\/po.png\" alt=\"po\" width=\"624\" height=\"785\" class=\"aligncenter size-full wp-image-307\" srcset=\"http:\/\/sapphireagriculture.com\/wp-content\/uploads\/2015\/10\/po.png 624w, http:\/\/sapphireagriculture.com\/wp-content\/uploads\/2015\/10\/po-238x300.png 238w\" sizes=\"auto, (max-width: 624px) 100vw, 624px\" \/><\/p>\n<p>Debido a la gran diversidad de tipos y el alto consumo de los consumidores, las papas se adaptan bien a muchos productores. Ellos pueden ser comercializados directamente a los consumidores en puestos de granja, mercados de agricultores, ya trav\u00e9s de otros puntos de venta locales. Tambi\u00e9n hay un mercado mayorista sustancial en torno a la creciente demanda de alimentos de producci\u00f3n local y patatas tipo de especialidad.<\/p>\n<p>Debido a la gran diversidad de tipos y el alto consumo de los consumidores, las patatas son una buena opci\u00f3n empresarial para muchos productores. Ellos pueden ser comercializados directamente a los consumidores en puestos de granja, mercados de agricultores, ya trav\u00e9s de otros puntos de venta locales. Tambi\u00e9n hay un mercado mayorista sustancial en Santo Domingo basado en el aumento de la demanda de alimentos de producci\u00f3n local y patatas tipo de especialidad. Los vendedores al por mayor querr\u00e1n explorar subastas locales y regionales producen, programas locales-comprador tendero, y las ventas directas-a-restaurante. La diversidad de papas reci\u00e9n comienza a hacerse realidad a medida que m\u00e1s y mejores patatas especialidad con piel diferente, los colores de la carne, y los usos est\u00e1n siendo cultivado y comercializado. El uso de diferentes colores se suma al atractivo visual de las patatas en la pantalla y puede atraer la atenci\u00f3n en un punto de venta.<\/p>\n<p>Patatas (Solanum tuberosum) son los cultivos de hortalizas m\u00e1s importante del mundo. Se originaron en la regi\u00f3n andina de Am\u00e9rica del Sur y fueron llevados primero a Espa\u00f1a, donde se comercializan ya en 1576. La papa se present\u00f3 a continuaci\u00f3n al resto de Europa, donde los irlandeses fueron los primeros en reconocerlo por su alto valor nutritivo . A principios de la d\u00e9cada de 1600 las papas se convirtieron en el alimento b\u00e1sico de los irlandeses, y la mayor\u00eda de las personas que dependen de ellos para su existencia. Cuando la enfermedad del tiz\u00f3n tard\u00edo lleg\u00f3 a Irlanda desde los Estados Unidos, que caus\u00f3 una hambruna nacional 1845 hasta 1.848 que result\u00f3 en la muerte de casi un mill\u00f3n de personas y la migraci\u00f3n de ultramar masa de un mill\u00f3n m\u00e1s. El tiz\u00f3n tard\u00edo causado la muerte de las vides de patata y la decadencia de los tub\u00e9rculos, lo que resulta en una p\u00e9rdida total de la cosecha. El tiz\u00f3n tard\u00edo, aunque manejable, sigue siendo un reto para los productores de hoy.<\/p>\n","protected":false},"excerpt":{"rendered":"<p>Debido a la gran diversidad de tipos y el alto consumo de los consumidores, las papas se adaptan bien a muchos productores. Ellos pueden ser comercializados directamente a los consumidores en puestos de granja, mercados de agricultores, ya trav\u00e9s de otros puntos de venta locales. Tambi\u00e9n hay un mercado mayorista sustancial en torno a la creciente demanda de alimentos de producci\u00f3n local y patatas tipo de especialidad. Debido a la gran diversidad de tipos y el alto consumo de los consumidores, las patatas son una buena opci\u00f3n empresarial para muchos productores. Ellos pueden ser comercializados directamente a los consumidores en puestos de granja, mercados de agricultores, ya trav\u00e9s de otros&hellip; <a class=\"read-more\" href=\"http:\/\/sapphireagriculture.com\/es\/agricultura\/papas\/\">Read More<\/a><\/p>\n","protected":false},"author":2,"featured_media":0,"parent":485,"menu_order":0,"comment_status":"closed","ping_status":"closed","template":"","meta":{"footnotes":""},"class_list":["post-493","page","type-page","status-publish","hentry"],"_links":{"self":[{"href":"http:\/\/sapphireagriculture.com\/es\/wp-json\/wp\/v2\/pages\/493","targetHints":{"allow":["GET"]}}],"collection":[{"href":"http:\/\/sapphireagriculture.com\/es\/wp-json\/wp\/v2\/pages"}],"about":[{"href":"http:\/\/sapphireagriculture.com\/es\/wp-json\/wp\/v2\/types\/page"}],"author":[{"embeddable":true,"href":"http:\/\/sapphireagriculture.com\/es\/wp-json\/wp\/v2\/users\/2"}],"replies":[{"embeddable":true,"href":"http:\/\/sapphireagriculture.com\/es\/wp-json\/wp\/v2\/comments?post=493"}],"version-history":[{"count":1,"href":"http:\/\/sapphireagriculture.com\/es\/wp-json\/wp\/v2\/pages\/493\/revisions"}],"predecessor-version":[{"id":494,"href":"http:\/\/sapphireagriculture.com\/es\/wp-json\/wp\/v2\/pages\/493\/revisions\/494"}],"up":[{"embeddable":true,"href":"http:\/\/sapphireagriculture.com\/es\/wp-json\/wp\/v2\/pages\/485"}],"wp:attachment":[{"href":"http:\/\/sapphireagriculture.com\/es\/wp-json\/wp\/v2\/media?parent=493"}],"curies":[{"name":"wp","href":"https:\/\/api.w.org\/{rel}","templated":true}]}}