{"id":487,"date":"2016-05-24T12:16:53","date_gmt":"2016-05-24T12:16:53","guid":{"rendered":"http:\/\/sapphireagriculture.com\/es\/?page_id=487"},"modified":"2016-05-24T12:16:53","modified_gmt":"2016-05-24T12:16:53","slug":"zanahoria","status":"publish","type":"page","link":"http:\/\/sapphireagriculture.com\/es\/agricultura\/zanahoria\/","title":{"rendered":"ZANAHORIA"},"content":{"rendered":"<p>El suelo debe ser fumigada para los nematodos. 4 3. Plantaci\u00f3n Las filas son generalmente separada de 200 a 400 mm de distancia. En hileras dobles o triples, gp la anchura entre conjuntos de filas oscilan entre 400 y 600 mm. Separaciones de fila en la producci\u00f3n de zanahorias peque\u00f1as pueden ser de 100 mm. Una densidad de plantaci\u00f3n de 150 a 160 \/ m2 da buenos resultados en dobles filas, mientras que una densidad de 100 \/ m2 es ideal para las filas individuales. Las semillas se siembran directamente en el campo en las crestas o camas elevadas. Se prefiere siembra en hileras para transmitir la siembra. La profundidad de siembra debe ser de 10 a 25 mm o 40 mm en arenas sueltas, ligeras. Profundidad de siembra debe ser superficial en suelos m\u00e1s pesados \u200b\u200by en los meses m\u00e1s fr\u00edos. Muy poco se recomienda plantar m\u00e1s profundo en verano, cuando el suelo se seca r\u00e1pidamente.<\/p>\n<p>Recomendaciones de fertilizantes deben basarse en an\u00e1lisis de suelos. Como gu\u00eda general, 100 kg \/ ha de fertilizante mezcla de 2: 3: 4 (24) debe ser entierren en el suelo antes de la siembra. Nitrato de amonio de la piedra caliza a una velocidad de 100 a 200 kg \/ ha se debe aplicar como un topdressing aproximadamente 8 semanas despu\u00e9s de la siembra. El compost no debe aplicarse ya que provocan, ra\u00edces peludas poco atractivo, con una textura m\u00e1s gruesa. El riego debe reducirse gradualmente para evitar la divisi\u00f3n longitudinal de las ra\u00edces cuando el cultivo se aproxima a la madurez. El estr\u00e9s h\u00eddrico durante el desarrollo de las ra\u00edces tambi\u00e9n provoca el agrietamiento de las ra\u00edces, que tambi\u00e9n se endurecen.<\/p>\n","protected":false},"excerpt":{"rendered":"<p>El suelo debe ser fumigada para los nematodos. 4 3. Plantaci\u00f3n Las filas son generalmente separada de 200 a 400 mm de distancia. En hileras dobles o triples, gp la anchura entre conjuntos de filas oscilan entre 400 y 600 mm. Separaciones de fila en la producci\u00f3n de zanahorias peque\u00f1as pueden ser de 100 mm. Una densidad de plantaci\u00f3n de 150 a 160 \/ m2 da buenos resultados en dobles filas, mientras que una densidad de 100 \/ m2 es ideal para las filas individuales. Las semillas se siembran directamente en el campo en las crestas o camas elevadas. Se prefiere siembra en hileras para transmitir la siembra. La profundidad&hellip; <a class=\"read-more\" href=\"http:\/\/sapphireagriculture.com\/es\/agricultura\/zanahoria\/\">Read More<\/a><\/p>\n","protected":false},"author":2,"featured_media":0,"parent":485,"menu_order":0,"comment_status":"closed","ping_status":"closed","template":"","meta":{"footnotes":""},"class_list":["post-487","page","type-page","status-publish","hentry"],"_links":{"self":[{"href":"http:\/\/sapphireagriculture.com\/es\/wp-json\/wp\/v2\/pages\/487","targetHints":{"allow":["GET"]}}],"collection":[{"href":"http:\/\/sapphireagriculture.com\/es\/wp-json\/wp\/v2\/pages"}],"about":[{"href":"http:\/\/sapphireagriculture.com\/es\/wp-json\/wp\/v2\/types\/page"}],"author":[{"embeddable":true,"href":"http:\/\/sapphireagriculture.com\/es\/wp-json\/wp\/v2\/users\/2"}],"replies":[{"embeddable":true,"href":"http:\/\/sapphireagriculture.com\/es\/wp-json\/wp\/v2\/comments?post=487"}],"version-history":[{"count":1,"href":"http:\/\/sapphireagriculture.com\/es\/wp-json\/wp\/v2\/pages\/487\/revisions"}],"predecessor-version":[{"id":488,"href":"http:\/\/sapphireagriculture.com\/es\/wp-json\/wp\/v2\/pages\/487\/revisions\/488"}],"up":[{"embeddable":true,"href":"http:\/\/sapphireagriculture.com\/es\/wp-json\/wp\/v2\/pages\/485"}],"wp:attachment":[{"href":"http:\/\/sapphireagriculture.com\/es\/wp-json\/wp\/v2\/media?parent=487"}],"curies":[{"name":"wp","href":"https:\/\/api.w.org\/{rel}","templated":true}]}}