{"id":483,"date":"2016-05-24T12:12:18","date_gmt":"2016-05-24T12:12:18","guid":{"rendered":"http:\/\/sapphireagriculture.com\/es\/?page_id=483"},"modified":"2016-05-25T06:52:50","modified_gmt":"2016-05-25T06:52:50","slug":"fertiplus","status":"publish","type":"page","link":"http:\/\/sapphireagriculture.com\/es\/fertiplus\/","title":{"rendered":"Fertiplus fertilizante org\u00e1nico"},"content":{"rendered":"<p style=\"text-align: center;\">Fertiplus es un producto 100% org\u00e1nico que es exclusivo de zafiro Agricultura. Estamos orgullosos de facilitar Fertiplus ya que es muy dif\u00edcil encontrar un producto con un 8% de nitr\u00f3geno org\u00e1nico en el mercado de productos org\u00e1nicos. Fertiplus se puede utilizar durante todo el ciclo de crecimiento para todos los cultivos, pero funciona mejor si se aplica al comienzo de la temporada de crecimiento.<\/p>\n<p style=\"text-align: center;\">\nproveedor exclusivo de Fertiplus. Por favor, pregunte por ponerse en contacto con nosotros en info@sapphireagriculture.<\/p>\n<p style=\"text-align: center;\"><a href=\"http:\/\/sapphireagriculture.com\/wp-content\/uploads\/2016\/01\/Fertiplus.png\"><img loading=\"lazy\" decoding=\"async\" width=\"350\" height=\"94\" class=\"aligncenter size-full wp-image-391\" src=\"http:\/\/sapphireagriculture.com\/wp-content\/uploads\/2016\/01\/Fertiplus.png\" alt=\"Fertiplus\" srcset=\"http:\/\/sapphireagriculture.com\/wp-content\/uploads\/2016\/01\/Fertiplus.png 350w, http:\/\/sapphireagriculture.com\/wp-content\/uploads\/2016\/01\/Fertiplus-300x81.png 300w\" sizes=\"auto, (max-width: 350px) 100vw, 350px\" \/><\/a><\/p>\n<p><p>Invalid Displayed Gallery<\/p><\/p>\n","protected":false},"excerpt":{"rendered":"<p>Fertiplus es un producto 100% org\u00e1nico que es exclusivo de zafiro Agricultura. Estamos orgullosos de facilitar Fertiplus ya que es muy dif\u00edcil encontrar un producto con un 8% de nitr\u00f3geno org\u00e1nico en el mercado de productos org\u00e1nicos. Fertiplus se puede utilizar durante todo el ciclo de crecimiento para todos los cultivos, pero funciona mejor si se aplica al comienzo de la temporada de crecimiento. proveedor exclusivo de Fertiplus. Por favor, pregunte por ponerse en contacto con nosotros en info@sapphireagriculture. Invalid Displayed Gallery<\/p>\n","protected":false},"author":2,"featured_media":0,"parent":0,"menu_order":0,"comment_status":"closed","ping_status":"closed","template":"","meta":{"footnotes":""},"class_list":["post-483","page","type-page","status-publish","hentry"],"_links":{"self":[{"href":"http:\/\/sapphireagriculture.com\/es\/wp-json\/wp\/v2\/pages\/483","targetHints":{"allow":["GET"]}}],"collection":[{"href":"http:\/\/sapphireagriculture.com\/es\/wp-json\/wp\/v2\/pages"}],"about":[{"href":"http:\/\/sapphireagriculture.com\/es\/wp-json\/wp\/v2\/types\/page"}],"author":[{"embeddable":true,"href":"http:\/\/sapphireagriculture.com\/es\/wp-json\/wp\/v2\/users\/2"}],"replies":[{"embeddable":true,"href":"http:\/\/sapphireagriculture.com\/es\/wp-json\/wp\/v2\/comments?post=483"}],"version-history":[{"count":3,"href":"http:\/\/sapphireagriculture.com\/es\/wp-json\/wp\/v2\/pages\/483\/revisions"}],"predecessor-version":[{"id":516,"href":"http:\/\/sapphireagriculture.com\/es\/wp-json\/wp\/v2\/pages\/483\/revisions\/516"}],"wp:attachment":[{"href":"http:\/\/sapphireagriculture.com\/es\/wp-json\/wp\/v2\/media?parent=483"}],"curies":[{"name":"wp","href":"https:\/\/api.w.org\/{rel}","templated":true}]}}