{"id":481,"date":"2016-05-24T12:10:38","date_gmt":"2016-05-24T12:10:38","guid":{"rendered":"http:\/\/sapphireagriculture.com\/es\/?page_id=481"},"modified":"2016-05-24T12:10:53","modified_gmt":"2016-05-24T12:10:53","slug":"fertilizantes","status":"publish","type":"page","link":"http:\/\/sapphireagriculture.com\/es\/fertilizantes\/","title":{"rendered":"FERTILIZANTES"},"content":{"rendered":"<ul>\n<li> Sapphire Agricultura mezclas y mezclas de compuestos paquetes de NPK. <\/li>\n<li> paquetes Sapphire Agricultura NPK mezclas qu\u00edmicas. <\/ li>\n<li> Sapphire Agricultura vende 100% certificados gr\u00e1nulos de fertilizantes NPK org\u00e1nicas y granulados. <\/li>\n<li> Tambi\u00e9n envasamos y vendemos materiales individuales primas:. La urea, DAP, MAP, MOP, sulfato de amonio, etc. <\/li>\n<li> Nuestra NPK compuesto combina incorporar materia org\u00e1nica y otros micronutrientes como por peticiones de los clientes. <\/li>\n<li> <strong> Tambi\u00e9n mezcla de fertilizantes para los distribuidores de etiqueta privada. <\/strong> <\/li>\n<\/ul>\n<p>Podemos formular y crear cualquier mezcla NPK. Utilizamos urea, DAP, el MOP de muy buena calidad de principales puntos de origen. Podemos a\u00f1adir Certified Organic fertilizantes NPK y micronutrientes seg\u00fan la petici\u00f3n del cliente.<\/p>\n<ul class=\"fertilizers\">\n<li><img loading=\"lazy\" decoding=\"async\" src=\"http:\/\/sapphireagriculture.com\/wp-content\/uploads\/2015\/08\/fertilizer-img1.jpg\" alt=\"fertilizer-img1\" width=\"240\" height=\"320\" class=\"alignnone size-full wp-image-139\" srcset=\"http:\/\/sapphireagriculture.com\/wp-content\/uploads\/2015\/08\/fertilizer-img1.jpg 240w, http:\/\/sapphireagriculture.com\/wp-content\/uploads\/2015\/08\/fertilizer-img1-225x300.jpg 225w\" sizes=\"auto, (max-width: 240px) 100vw, 240px\" \/><\/li>\n<li><img loading=\"lazy\" decoding=\"async\" src=\"http:\/\/sapphireagriculture.com\/wp-content\/uploads\/2015\/08\/fertilizer-img2.jpg\" alt=\"fertilizer-img2\" width=\"240\" height=\"320\" class=\"alignnone size-full wp-image-140\" srcset=\"http:\/\/sapphireagriculture.com\/wp-content\/uploads\/2015\/08\/fertilizer-img2.jpg 240w, http:\/\/sapphireagriculture.com\/wp-content\/uploads\/2015\/08\/fertilizer-img2-225x300.jpg 225w\" sizes=\"auto, (max-width: 240px) 100vw, 240px\" \/><\/li>\n<li><img loading=\"lazy\" decoding=\"async\" src=\"http:\/\/sapphireagriculture.com\/wp-content\/uploads\/2015\/08\/fertilizer-img3.jpg\" alt=\"fertilizer-img3\" width=\"305\" height=\"319\" class=\"alignnone size-full wp-image-141\" srcset=\"http:\/\/sapphireagriculture.com\/wp-content\/uploads\/2015\/08\/fertilizer-img3.jpg 305w, http:\/\/sapphireagriculture.com\/wp-content\/uploads\/2015\/08\/fertilizer-img3-287x300.jpg 287w\" sizes=\"auto, (max-width: 305px) 100vw, 305px\" \/><\/li>\n<\/ul>\n<h2> abono para las plantas naturales Fertiplus\u00ae 4-3-3 <\/h2>\n<p>15:15:15, 15:30:15, 12:24:24, 16: 6: 16, 14: 5: 24, 25: 6: 6, 19: 5: 19, 10:10:10, 8: 08:12, 10: 5: 20, 12: 6: 8, 16: 6: 6, 24:10:20, 13:13:21, 21:13:21 14:28:14, 14: 5: 32 , 12: 8: 18, 11:22:22, 16: 9: 18, 16: 8: 24, 12: 5: 15, 12: 6: 10, 12: 8: 24, 12:12:17, 12 : 12: 14, 12:24:12, 12:12:24, 15: 5: 34, 15: 4: 30, 15: 5: 20, 20: 5: 20, 20:20:20, 20:10 : 10, 10:10:20, 10:20:10, 18: 0: 18, 17: 0: 17, 20: 0: 30 30: 0: 15, 30: 5: 15, 4: 3: 3, 3: 2: 3, 7: 2: 2, etc., y otros.<\/p>\n<h2> Otros disponibles Fertilizantes: <\/ h2><\/p>\n<ul>\n<li style = \"text-align: center;\"> FERTILIZANTES Nutrici\u00f3n \/ L\u00cdQUIDOS <\/ li>\n<li style = \"text-align: center;\"> SURFACTANTES <\/ li>\n<li style = \"text-align: center;\"> UREA, sulfato de amonio, MKP, TSP, MOP, MAP, DAP <\/ li>\n<li style = \"text-align: center;\"> CARBONATO DE CALCIO <\/ li>\n<li style = \"text-align: center;\"> AZUFRE 90% \/ COBRE <\/ li>\n<li style = \"text-align: center;\"> tierra para macetas MIX \/ COMPOST \/ TURBA HUMUS <\/ li>\n<li style = \"text-align: center;\"> 100% org\u00e1nico certificado PRODUCTOS <\/ li><br \/>\n<\/ ul><\/p>\n<h2> fertilizante NPK + OM <\/h2>\n<h4 style= \"text-align: center;\"> 15:15:15, 15:30:15, 12:24:24, 12:12:17, 18: 0: 18, 12:24:12, 15 : 5: 35, 16: 8: 24, 18:10:20, etc. <\/ h4><\/p>\n<ul>\n<li style = \"text-align: center;\"> Sapphire NPK combina recibir entre 5% &#8211; 20% de los Org\u00e1nica Mater en la mezcla <\/li>\n<p>.<\/p>\n<li style = \"text-align: center;\"> Por ejemplo, el m\u00e1s popular mezcla de Sapphire 15:15:15 tiene 400 libras (20%) de 4: 3: 3 granulada procesa materias org\u00e1nicas procedentes de desechos de pollo, o una m\u00e1s suave t\u00e9rmino; Materia Org\u00e1nica \/ por 2.000 libras la tonelada. <\/li>\n<li style = \"text-align: center;\"> Siempre mezcle OM con urea, DAP, el MOP y peque\u00f1as cantidades de relleno de calcio en algunas mezclas para producir superiores fertilizantes NPK alta calidad <\/li>\n<p>.<\/p>\n<li style = \"text-align: center;\"> Todo el fertilizante tiene rastros de Micronutrientes: Ca, Cu, Mg, Mn, B, Zn, Fe <\/li>\n<\/ul>\n","protected":false},"excerpt":{"rendered":"<p>Sapphire Agricultura mezclas y mezclas de compuestos paquetes de NPK. paquetes Sapphire Agricultura NPK mezclas qu\u00edmicas. Sapphire Agricultura vende 100% certificados gr\u00e1nulos de fertilizantes NPK org\u00e1nicas y granulados. Tambi\u00e9n envasamos y vendemos materiales individuales primas:. La urea, DAP, MAP, MOP, sulfato de amonio, etc. Nuestra NPK compuesto combina incorporar materia org\u00e1nica y otros micronutrientes como por peticiones de los clientes. Tambi\u00e9n mezcla de fertilizantes para los distribuidores de etiqueta privada. Podemos formular y crear cualquier mezcla NPK. Utilizamos urea, DAP, el MOP de muy buena calidad de principales puntos de origen. Podemos a\u00f1adir Certified Organic fertilizantes NPK y micronutrientes seg\u00fan la petici\u00f3n del cliente. abono para las plantas naturales Fertiplus\u00ae&hellip; <a class=\"read-more\" href=\"http:\/\/sapphireagriculture.com\/es\/fertilizantes\/\">Read More<\/a><\/p>\n","protected":false},"author":2,"featured_media":0,"parent":0,"menu_order":0,"comment_status":"closed","ping_status":"closed","template":"","meta":{"footnotes":""},"class_list":["post-481","page","type-page","status-publish","hentry"],"_links":{"self":[{"href":"http:\/\/sapphireagriculture.com\/es\/wp-json\/wp\/v2\/pages\/481","targetHints":{"allow":["GET"]}}],"collection":[{"href":"http:\/\/sapphireagriculture.com\/es\/wp-json\/wp\/v2\/pages"}],"about":[{"href":"http:\/\/sapphireagriculture.com\/es\/wp-json\/wp\/v2\/types\/page"}],"author":[{"embeddable":true,"href":"http:\/\/sapphireagriculture.com\/es\/wp-json\/wp\/v2\/users\/2"}],"replies":[{"embeddable":true,"href":"http:\/\/sapphireagriculture.com\/es\/wp-json\/wp\/v2\/comments?post=481"}],"version-history":[{"count":1,"href":"http:\/\/sapphireagriculture.com\/es\/wp-json\/wp\/v2\/pages\/481\/revisions"}],"predecessor-version":[{"id":482,"href":"http:\/\/sapphireagriculture.com\/es\/wp-json\/wp\/v2\/pages\/481\/revisions\/482"}],"wp:attachment":[{"href":"http:\/\/sapphireagriculture.com\/es\/wp-json\/wp\/v2\/media?parent=481"}],"curies":[{"name":"wp","href":"https:\/\/api.w.org\/{rel}","templated":true}]}}