{"id":477,"date":"2016-05-24T11:58:20","date_gmt":"2016-05-24T11:58:20","guid":{"rendered":"http:\/\/sapphireagriculture.com\/es\/?page_id=477"},"modified":"2016-07-06T17:41:18","modified_gmt":"2016-07-06T17:41:18","slug":"acerca-de-nosotros","status":"publish","type":"page","link":"http:\/\/sapphireagriculture.com\/es\/acerca-de-nosotros\/","title":{"rendered":"Acerca de nosotros"},"content":{"rendered":"<h2>NUESTRA EMPRESA<\/h2>\n<ul>\n<li> Sapphire Agricultura fue fundada con el prop\u00f3sito de exportar fertilizantes NPK.<\/li>\n<li> En 2014 Sapphire estableci\u00f3 una planta de mezcla en Santo Domingo, Rep\u00fablica Dominicana capaz de producir 40.000 toneladas de fertilizante NPK en bolsas al a\u00f1o. <\/li>\n<li> Sapphire vende fertilizantes en Rep\u00fablica Dominicana, St. Luc\u00eda, Granada, Jamaica, Dominica, Puerto Rico y Guyana. <\/li>\n<\/ul>\n<h2> MISI\u00d3N <\/h2>\n<ul>\n<li> Para ofrecer la mejor calidad y el mejor servicio a nuestros clientes <\/li>\n<li> Embalaje disponible: 10 libras, 25 libras, 50 libras, 100 libras, 1ton &#8211; Polipropileno w \/ forro de pl\u00e1stico <\/li>\n<\/ul>\n","protected":false},"excerpt":{"rendered":"<p>NUESTRA EMPRESA Sapphire Agricultura fue fundada con el prop\u00f3sito de exportar fertilizantes NPK. En 2014 Sapphire estableci\u00f3 una planta de mezcla en Santo Domingo, Rep\u00fablica Dominicana capaz de producir 40.000 toneladas de fertilizante NPK en bolsas al a\u00f1o. Sapphire vende fertilizantes en Rep\u00fablica Dominicana, St. Luc\u00eda, Granada, Jamaica, Dominica, Puerto Rico y Guyana. MISI\u00d3N Para ofrecer la mejor calidad y el mejor servicio a nuestros clientes Embalaje disponible: 10 libras, 25 libras, 50 libras, 100 libras, 1ton &#8211; Polipropileno w \/ forro de pl\u00e1stico<\/p>\n","protected":false},"author":2,"featured_media":0,"parent":0,"menu_order":0,"comment_status":"closed","ping_status":"closed","template":"","meta":{"footnotes":""},"class_list":["post-477","page","type-page","status-publish","hentry"],"_links":{"self":[{"href":"http:\/\/sapphireagriculture.com\/es\/wp-json\/wp\/v2\/pages\/477","targetHints":{"allow":["GET"]}}],"collection":[{"href":"http:\/\/sapphireagriculture.com\/es\/wp-json\/wp\/v2\/pages"}],"about":[{"href":"http:\/\/sapphireagriculture.com\/es\/wp-json\/wp\/v2\/types\/page"}],"author":[{"embeddable":true,"href":"http:\/\/sapphireagriculture.com\/es\/wp-json\/wp\/v2\/users\/2"}],"replies":[{"embeddable":true,"href":"http:\/\/sapphireagriculture.com\/es\/wp-json\/wp\/v2\/comments?post=477"}],"version-history":[{"count":4,"href":"http:\/\/sapphireagriculture.com\/es\/wp-json\/wp\/v2\/pages\/477\/revisions"}],"predecessor-version":[{"id":575,"href":"http:\/\/sapphireagriculture.com\/es\/wp-json\/wp\/v2\/pages\/477\/revisions\/575"}],"wp:attachment":[{"href":"http:\/\/sapphireagriculture.com\/es\/wp-json\/wp\/v2\/media?parent=477"}],"curies":[{"name":"wp","href":"https:\/\/api.w.org\/{rel}","templated":true}]}}